{"id":66,"date":"2024-12-01T20:03:01","date_gmt":"2024-12-01T20:03:01","guid":{"rendered":"https:\/\/freinds.erasmus.site\/?page_id=66"},"modified":"2025-08-07T19:30:36","modified_gmt":"2025-08-07T19:30:36","slug":"freinds-research-report","status":"publish","type":"page","link":"https:\/\/freinds.erasmus.site\/it\/freinds-research-report\/","title":{"rendered":"Rapporto di ricerca FReINDs"},"content":{"rendered":"<p><strong>Rapporto di ricerca FReINDs<\/strong> &#8211; uno studio transnazionale condotto in cinque Stati membri dell&#8217;UE e coordinato dall&#8217;ISSBS, istituto specializzato nella ricerca sugli appalti pubblici. Destinato a ricercatori, aziende specializzate, istituzioni pubbliche e imprese sociali, il rapporto svolger\u00e0 un ruolo fondamentale nella definizione dei risultati del progetto FReINDs. Informer\u00e0 lo sviluppo del curriculum di formazione dell&#8217;Industrial Symbiosis Manager (ISM) e servir\u00e0 come risorsa fondamentale per i futuri ISM. Inoltre, il rapporto guider\u00e0 la creazione del FReINDs Digital Toolkit, che mira a dotare i professionisti dell&#8217;IS di strumenti pratici per rendere le pratiche di IS digitale facilmente applicabili e competitive sul mercato.<\/p>\n\r\n<!--change the width and height value as you want.--> \r\n<!-- Do change \"index.htm\" to your real html name of the flippingbook--> \r\n<iframe  style=\"width:100%;height:650px\"  src=\"https:\/\/freinds.erasmus.site\/wp-content\/uploads\/flipbook\/2\/book.html\"  seamless=\"seamless\" scrolling=\"no\" frameborder=\"0\" allowtransparency=\"true\" allowfullscreen mozallowfullscreen  webkitallowfullscreen ><\/iframe>\r\n\n<p style=\"text-align: center; margin-top: 20px;\"><a class=\"btn btn-info\" role=\"button\" href=\"https:\/\/freinds.erasmus.site\/wp-content\/uploads\/2025\/06\/WP2-FINAL-REPORT_IT.pdf\" download=\"\">Download<\/a><\/p>\n<p><\/p>","protected":false},"excerpt":{"rendered":"<p>Rapporto di ricerca FReINDs &#8211; uno studio transnazionale condotto in cinque Stati membri dell&#8217;UE e coordinato dall&#8217;ISSBS, istituto specializzato nella ricerca sugli appalti pubblici. Destinato a ricercatori, aziende specializzate, istituzioni pubbliche e imprese sociali, il rapporto svolger\u00e0 un ruolo fondamentale nella definizione dei risultati del progetto FReINDs. Informer\u00e0 lo sviluppo del curriculum di formazione dell&#8217;Industrial&hellip;&nbsp;<a href=\"https:\/\/freinds.erasmus.site\/it\/freinds-research-report\/\" rel=\"bookmark\">Leggi tutto &raquo;<span class=\"screen-reader-text\">Rapporto di ricerca FReINDs<\/span><\/a><\/p>\n","protected":false},"author":1,"featured_media":0,"parent":0,"menu_order":0,"comment_status":"closed","ping_status":"closed","template":"","meta":{"neve_meta_sidebar":"","neve_meta_container":"","neve_meta_enable_content_width":"off","neve_meta_content_width":100,"neve_meta_title_alignment":"","neve_meta_author_avatar":"","neve_post_elements_order":"","neve_meta_disable_header":"","neve_meta_disable_footer":"","neve_meta_disable_title":"","footnotes":""},"class_list":["post-66","page","type-page","status-publish","hentry"],"_links":{"self":[{"href":"https:\/\/freinds.erasmus.site\/it\/wp-json\/wp\/v2\/pages\/66","targetHints":{"allow":["GET"]}}],"collection":[{"href":"https:\/\/freinds.erasmus.site\/it\/wp-json\/wp\/v2\/pages"}],"about":[{"href":"https:\/\/freinds.erasmus.site\/it\/wp-json\/wp\/v2\/types\/page"}],"author":[{"embeddable":true,"href":"https:\/\/freinds.erasmus.site\/it\/wp-json\/wp\/v2\/users\/1"}],"replies":[{"embeddable":true,"href":"https:\/\/freinds.erasmus.site\/it\/wp-json\/wp\/v2\/comments?post=66"}],"version-history":[{"count":12,"href":"https:\/\/freinds.erasmus.site\/it\/wp-json\/wp\/v2\/pages\/66\/revisions"}],"predecessor-version":[{"id":337,"href":"https:\/\/freinds.erasmus.site\/it\/wp-json\/wp\/v2\/pages\/66\/revisions\/337"}],"wp:attachment":[{"href":"https:\/\/freinds.erasmus.site\/it\/wp-json\/wp\/v2\/media?parent=66"}],"curies":[{"name":"wp","href":"https:\/\/api.w.org\/{rel}","templated":true}]}}