{"id":66,"date":"2024-12-01T20:03:01","date_gmt":"2024-12-01T20:03:01","guid":{"rendered":"https:\/\/freinds.erasmus.site\/?page_id=66"},"modified":"2025-08-07T19:30:36","modified_gmt":"2025-08-07T19:30:36","slug":"freinds-research-report","status":"publish","type":"page","link":"https:\/\/freinds.erasmus.site\/lv\/freinds-research-report\/","title":{"rendered":"FREINDs izp\u0113tes zi\u0146ojum"},"content":{"rendered":"<p><strong>FREINDs izp\u0113tes zi\u0146ojums<\/strong> \u2014starptautisks p\u0113t\u012bjums, kas veikts piec\u0101s ES dal\u012bbvalst\u012bs un ko koordin\u0113 ISSBS, instit\u016bts, kas specializ\u0113jas publisk\u0101 iepirkuma p\u0113tniec\u012bb\u0101. Zi\u0146ojumam, kas paredz\u0113ts p\u0113tniekiem, specializ\u0113tiem uz\u0146\u0113mumiem, valsts iest\u0101d\u0113m un soci\u0101lajiem uz\u0146\u0113mumiem, b\u016bs iz\u0161\u0137iro\u0161\u0101 loma FReINDs projekta rezult\u0101tu veido\u0161an\u0101. Tas inform\u0113s par Industri\u0101l\u0101s simbiozes vad\u012bt\u0101ja (ISM) apm\u0101c\u012bbas programmas izstr\u0101di un kalpos k\u0101 galvenais resurss n\u0101kotnes ISM kursam. Turkl\u0101t zi\u0146ojums pal\u012bdz\u0113s izveidot FReINDs digit\u0101lo r\u012bku (Toolkit), kuras m\u0113r\u0137is ir nodro\u0161in\u0101t IS profesion\u0101\u013cus ar praktiskiem r\u012bkiem, lai digit\u0101lo IS praksi padar\u012btu viegli piem\u0113rojamu un konkur\u0113tsp\u0113j\u012bgu tirg\u016b.<\/p>\n\r\n<!--change the width and height value as you want.--> \r\n<!-- Do change \"index.htm\" to your real html name of the flippingbook--> \r\n<iframe  style=\"width:100%;height:650px\"  src=\"https:\/\/freinds.erasmus.site\/wp-content\/uploads\/flipbook\/6\/book.html\"  seamless=\"seamless\" scrolling=\"no\" frameborder=\"0\" allowtransparency=\"true\" allowfullscreen mozallowfullscreen  webkitallowfullscreen ><\/iframe>\r\n\n<p style=\"text-align: center; margin-top: 20px;\"><a class=\"btn btn-info\" role=\"button\" href=\"https:\/\/freinds.erasmus.site\/wp-content\/uploads\/2025\/08\/FReINDs_WP2-FINAL-REPORT_LV.pdf\" download=\"\">Download<\/a><\/p>\n<p><\/p>","protected":false},"excerpt":{"rendered":"<p>FREINDs izp\u0113tes zi\u0146ojums \u2014starptautisks p\u0113t\u012bjums, kas veikts piec\u0101s ES dal\u012bbvalst\u012bs un ko koordin\u0113 ISSBS, instit\u016bts, kas specializ\u0113jas publisk\u0101 iepirkuma p\u0113tniec\u012bb\u0101. Zi\u0146ojumam, kas paredz\u0113ts p\u0113tniekiem, specializ\u0113tiem uz\u0146\u0113mumiem, valsts iest\u0101d\u0113m un soci\u0101lajiem uz\u0146\u0113mumiem, b\u016bs iz\u0161\u0137iro\u0161\u0101 loma FReINDs projekta rezult\u0101tu veido\u0161an\u0101. Tas inform\u0113s par Industri\u0101l\u0101s simbiozes vad\u012bt\u0101ja (ISM) apm\u0101c\u012bbas programmas izstr\u0101di un kalpos k\u0101 galvenais resurss n\u0101kotnes ISM&hellip;&nbsp;<a href=\"https:\/\/freinds.erasmus.site\/lv\/freinds-research-report\/\" rel=\"bookmark\">Read More &raquo;<span class=\"screen-reader-text\">FREINDs izp\u0113tes zi\u0146ojum<\/span><\/a><\/p>\n","protected":false},"author":1,"featured_media":0,"parent":0,"menu_order":0,"comment_status":"closed","ping_status":"closed","template":"","meta":{"neve_meta_sidebar":"","neve_meta_container":"","neve_meta_enable_content_width":"off","neve_meta_content_width":100,"neve_meta_title_alignment":"","neve_meta_author_avatar":"","neve_post_elements_order":"","neve_meta_disable_header":"","neve_meta_disable_footer":"","neve_meta_disable_title":"","footnotes":""},"class_list":["post-66","page","type-page","status-publish","hentry"],"_links":{"self":[{"href":"https:\/\/freinds.erasmus.site\/lv\/wp-json\/wp\/v2\/pages\/66","targetHints":{"allow":["GET"]}}],"collection":[{"href":"https:\/\/freinds.erasmus.site\/lv\/wp-json\/wp\/v2\/pages"}],"about":[{"href":"https:\/\/freinds.erasmus.site\/lv\/wp-json\/wp\/v2\/types\/page"}],"author":[{"embeddable":true,"href":"https:\/\/freinds.erasmus.site\/lv\/wp-json\/wp\/v2\/users\/1"}],"replies":[{"embeddable":true,"href":"https:\/\/freinds.erasmus.site\/lv\/wp-json\/wp\/v2\/comments?post=66"}],"version-history":[{"count":12,"href":"https:\/\/freinds.erasmus.site\/lv\/wp-json\/wp\/v2\/pages\/66\/revisions"}],"predecessor-version":[{"id":337,"href":"https:\/\/freinds.erasmus.site\/lv\/wp-json\/wp\/v2\/pages\/66\/revisions\/337"}],"wp:attachment":[{"href":"https:\/\/freinds.erasmus.site\/lv\/wp-json\/wp\/v2\/media?parent=66"}],"curies":[{"name":"wp","href":"https:\/\/api.w.org\/{rel}","templated":true}]}}