{"id":68,"date":"2024-12-01T20:03:11","date_gmt":"2024-12-01T20:03:11","guid":{"rendered":"https:\/\/freinds.erasmus.site\/?page_id=68"},"modified":"2025-01-16T15:10:18","modified_gmt":"2025-01-16T15:10:18","slug":"freinds-curriculum","status":"publish","type":"page","link":"https:\/\/freinds.erasmus.site\/lv\/freinds-curriculum\/","title":{"rendered":"FREINDs m\u0101c\u012bbu programma"},"content":{"rendered":"<p><strong>FREINDs m\u0101c\u012bbu programma<\/strong> ir digit\u0101ls kurss par industri\u0101lo simbiozi (IS) soci\u0101lo jomu absolventiem, kas aptver IS pamatus, dz\u012bves cikla nov\u0113rt\u0113jumu, ilgtsp\u0113j\u012bgu resursu p\u0101rvald\u012bbu, aprites ekonomikas praksi un pieg\u0101des \u0137\u0113\u017eu tendences. Izstr\u0101d\u0101ts saska\u0146\u0101 ar ES standartiem, t\u0101s apvienos sev\u012b 60 stundu jauktas m\u0101c\u012bbas, tai skait\u0101 praktisku pieredzi ar soci\u0101lajiem uz\u0146\u0113mumiem. P\u0113c atsauksm\u0113m no izm\u0113\u0123in\u0101juma posma m\u0101c\u012bbu programma tiks integr\u0113ta p\u0113cdiploma programm\u0101.<\/p>","protected":false},"excerpt":{"rendered":"<p>FREINDs m\u0101c\u012bbu programma ir digit\u0101ls kurss par industri\u0101lo simbiozi (IS) soci\u0101lo jomu absolventiem, kas aptver IS pamatus, dz\u012bves cikla nov\u0113rt\u0113jumu, ilgtsp\u0113j\u012bgu resursu p\u0101rvald\u012bbu, aprites ekonomikas praksi un pieg\u0101des \u0137\u0113\u017eu tendences. Izstr\u0101d\u0101ts saska\u0146\u0101 ar ES standartiem, t\u0101s apvienos sev\u012b 60 stundu jauktas m\u0101c\u012bbas, tai skait\u0101 praktisku pieredzi ar soci\u0101lajiem uz\u0146\u0113mumiem. P\u0113c atsauksm\u0113m no izm\u0113\u0123in\u0101juma posma m\u0101c\u012bbu&hellip;&nbsp;<a href=\"https:\/\/freinds.erasmus.site\/lv\/freinds-curriculum\/\" rel=\"bookmark\">Read More &raquo;<span class=\"screen-reader-text\">FREINDs m\u0101c\u012bbu programma<\/span><\/a><\/p>\n","protected":false},"author":1,"featured_media":0,"parent":0,"menu_order":0,"comment_status":"closed","ping_status":"closed","template":"","meta":{"neve_meta_sidebar":"","neve_meta_container":"","neve_meta_enable_content_width":"off","neve_meta_content_width":100,"neve_meta_title_alignment":"","neve_meta_author_avatar":"","neve_post_elements_order":"","neve_meta_disable_header":"","neve_meta_disable_footer":"","neve_meta_disable_title":"","footnotes":""},"class_list":["post-68","page","type-page","status-publish","hentry"],"_links":{"self":[{"href":"https:\/\/freinds.erasmus.site\/lv\/wp-json\/wp\/v2\/pages\/68","targetHints":{"allow":["GET"]}}],"collection":[{"href":"https:\/\/freinds.erasmus.site\/lv\/wp-json\/wp\/v2\/pages"}],"about":[{"href":"https:\/\/freinds.erasmus.site\/lv\/wp-json\/wp\/v2\/types\/page"}],"author":[{"embeddable":true,"href":"https:\/\/freinds.erasmus.site\/lv\/wp-json\/wp\/v2\/users\/1"}],"replies":[{"embeddable":true,"href":"https:\/\/freinds.erasmus.site\/lv\/wp-json\/wp\/v2\/comments?post=68"}],"version-history":[{"count":5,"href":"https:\/\/freinds.erasmus.site\/lv\/wp-json\/wp\/v2\/pages\/68\/revisions"}],"predecessor-version":[{"id":191,"href":"https:\/\/freinds.erasmus.site\/lv\/wp-json\/wp\/v2\/pages\/68\/revisions\/191"}],"wp:attachment":[{"href":"https:\/\/freinds.erasmus.site\/lv\/wp-json\/wp\/v2\/media?parent=68"}],"curies":[{"name":"wp","href":"https:\/\/api.w.org\/{rel}","templated":true}]}}