{"id":70,"date":"2024-12-01T20:03:22","date_gmt":"2024-12-01T20:03:22","guid":{"rendered":"https:\/\/freinds.erasmus.site\/?page_id=70"},"modified":"2025-06-10T07:56:43","modified_gmt":"2025-06-10T07:56:43","slug":"the-massive-open-online-course-mooc","status":"publish","type":"page","link":"https:\/\/freinds.erasmus.site\/lv\/the-massive-open-online-course-mooc\/","title":{"rendered":"Mas\u012bvais atv\u0113rtais tie\u0161saistes kurss (MOOC)"},"content":{"rendered":"<p><strong>Mas\u012bvais atv\u0113rtais tie\u0161saistes kurss (MOOC)<\/strong> nodro\u0161in\u0101s br\u012bvpieejas apm\u0101c\u012bbas industri\u0101laj\u0101 simbioz\u0113 (IS) un aprites ekonomik\u0101 (AE), pamatojoties uz apstiprin\u0101to m\u0101c\u012bbu programmu. M\u0101c\u012bbu programma b\u016bs bezmaksas un pieejama piecus gadus p\u0113c projekta nosl\u0113guma, ar partneru resursu atbalstu.<\/p>","protected":false},"excerpt":{"rendered":"<p>Mas\u012bvais atv\u0113rtais tie\u0161saistes kurss (MOOC) nodro\u0161in\u0101s br\u012bvpieejas apm\u0101c\u012bbas industri\u0101laj\u0101 simbioz\u0113 (IS) un aprites ekonomik\u0101 (AE), pamatojoties uz apstiprin\u0101to m\u0101c\u012bbu programmu. M\u0101c\u012bbu programma b\u016bs bezmaksas un pieejama piecus gadus p\u0113c projekta nosl\u0113guma, ar partneru resursu atbalstu.<\/p>\n","protected":false},"author":1,"featured_media":0,"parent":0,"menu_order":0,"comment_status":"closed","ping_status":"closed","template":"","meta":{"neve_meta_sidebar":"","neve_meta_container":"","neve_meta_enable_content_width":"off","neve_meta_content_width":100,"neve_meta_title_alignment":"","neve_meta_author_avatar":"","neve_post_elements_order":"","neve_meta_disable_header":"","neve_meta_disable_footer":"","neve_meta_disable_title":"","footnotes":""},"class_list":["post-70","page","type-page","status-publish","hentry"],"_links":{"self":[{"href":"https:\/\/freinds.erasmus.site\/lv\/wp-json\/wp\/v2\/pages\/70","targetHints":{"allow":["GET"]}}],"collection":[{"href":"https:\/\/freinds.erasmus.site\/lv\/wp-json\/wp\/v2\/pages"}],"about":[{"href":"https:\/\/freinds.erasmus.site\/lv\/wp-json\/wp\/v2\/types\/page"}],"author":[{"embeddable":true,"href":"https:\/\/freinds.erasmus.site\/lv\/wp-json\/wp\/v2\/users\/1"}],"replies":[{"embeddable":true,"href":"https:\/\/freinds.erasmus.site\/lv\/wp-json\/wp\/v2\/comments?post=70"}],"version-history":[{"count":5,"href":"https:\/\/freinds.erasmus.site\/lv\/wp-json\/wp\/v2\/pages\/70\/revisions"}],"predecessor-version":[{"id":312,"href":"https:\/\/freinds.erasmus.site\/lv\/wp-json\/wp\/v2\/pages\/70\/revisions\/312"}],"wp:attachment":[{"href":"https:\/\/freinds.erasmus.site\/lv\/wp-json\/wp\/v2\/media?parent=70"}],"curies":[{"name":"wp","href":"https:\/\/api.w.org\/{rel}","templated":true}]}}