{"id":73,"date":"2024-12-01T20:03:46","date_gmt":"2024-12-01T20:03:46","guid":{"rendered":"https:\/\/freinds.erasmus.site\/?page_id=73"},"modified":"2025-01-16T15:11:17","modified_gmt":"2025-01-16T15:11:17","slug":"is-toolkit","status":"publish","type":"page","link":"https:\/\/freinds.erasmus.site\/lv\/is-toolkit\/","title":{"rendered":"IS Toolkit"},"content":{"rendered":"<p>IS Toolkit: \u0160is t\u012bmek\u013ca r\u012bks \u013caus MVU nov\u0113rt\u0113t savu gatav\u012bbu IS un AE. Tas b\u016bs pieejams, lietot\u0101jam draudz\u012bg\u0101 veid\u0101 un balst\u012bts uz veikto p\u0113t\u012bjumu rezult\u0101tiem. R\u012bks b\u016bs izstr\u0101d\u0101ta, lai pied\u0101v\u0101tu aizraujo\u0161u pieredzi, vienlaikus izpildot FReINDs pieejam\u012bbas standartus.<\/p>","protected":false},"excerpt":{"rendered":"<p>IS Toolkit: \u0160is t\u012bmek\u013ca r\u012bks \u013caus MVU nov\u0113rt\u0113t savu gatav\u012bbu IS un AE. Tas b\u016bs pieejams, lietot\u0101jam draudz\u012bg\u0101 veid\u0101 un balst\u012bts uz veikto p\u0113t\u012bjumu rezult\u0101tiem. R\u012bks b\u016bs izstr\u0101d\u0101ta, lai pied\u0101v\u0101tu aizraujo\u0161u pieredzi, vienlaikus izpildot FReINDs pieejam\u012bbas standartus.<\/p>\n","protected":false},"author":1,"featured_media":0,"parent":0,"menu_order":0,"comment_status":"closed","ping_status":"closed","template":"","meta":{"neve_meta_sidebar":"","neve_meta_container":"","neve_meta_enable_content_width":"off","neve_meta_content_width":100,"neve_meta_title_alignment":"","neve_meta_author_avatar":"","neve_post_elements_order":"","neve_meta_disable_header":"","neve_meta_disable_footer":"","neve_meta_disable_title":"","footnotes":""},"class_list":["post-73","page","type-page","status-publish","hentry"],"_links":{"self":[{"href":"https:\/\/freinds.erasmus.site\/lv\/wp-json\/wp\/v2\/pages\/73","targetHints":{"allow":["GET"]}}],"collection":[{"href":"https:\/\/freinds.erasmus.site\/lv\/wp-json\/wp\/v2\/pages"}],"about":[{"href":"https:\/\/freinds.erasmus.site\/lv\/wp-json\/wp\/v2\/types\/page"}],"author":[{"embeddable":true,"href":"https:\/\/freinds.erasmus.site\/lv\/wp-json\/wp\/v2\/users\/1"}],"replies":[{"embeddable":true,"href":"https:\/\/freinds.erasmus.site\/lv\/wp-json\/wp\/v2\/comments?post=73"}],"version-history":[{"count":3,"href":"https:\/\/freinds.erasmus.site\/lv\/wp-json\/wp\/v2\/pages\/73\/revisions"}],"predecessor-version":[{"id":194,"href":"https:\/\/freinds.erasmus.site\/lv\/wp-json\/wp\/v2\/pages\/73\/revisions\/194"}],"wp:attachment":[{"href":"https:\/\/freinds.erasmus.site\/lv\/wp-json\/wp\/v2\/media?parent=73"}],"curies":[{"name":"wp","href":"https:\/\/api.w.org\/{rel}","templated":true}]}}