{"id":75,"date":"2024-12-01T20:03:57","date_gmt":"2024-12-01T20:03:57","guid":{"rendered":"https:\/\/freinds.erasmus.site\/?page_id=75"},"modified":"2026-03-21T18:46:51","modified_gmt":"2026-03-21T18:46:51","slug":"freinds-network","status":"publish","type":"page","link":"https:\/\/freinds.erasmus.site\/lv\/freinds-network\/","title":{"rendered":"FReINDs Network"},"content":{"rendered":"<p>FREINDs Network &#8211; projekts izveidos sadarb\u012bbas platformu, kas savienos ieinteres\u0113t\u0101s puses no uz\u0146\u0113mumiem, akad\u0113miskaj\u0101m aprind\u0101m, vald\u012bbas un bezpe\u013c\u0146as organiz\u0101cij\u0101m. \u0160is t\u012bkls veicin\u0101s zin\u0101\u0161anu apmai\u0146u, uzlabos m\u0101c\u012bbu programmu kvalit\u0101ti un atbilst\u012bbu, k\u0101 ar\u012b sniegs studentiem ieskatu re\u0101l\u0101s pasaules IS un AE izaicin\u0101jumos.<\/p>\n<p><em><strong>&#8216;Ja v\u0113laties iet \u0101tri, ejiet viens. Ja v\u0113laties tikt t\u0101lu, ejiet kop\u0101.<\/strong><\/em><\/p>\n<p><strong>Izmantojot FReINDs, m\u0113s v\u0113lamies iet t\u0101lu pret\u012b vied\u0101kai un ilgtsp\u0113j\u012bg\u0101kai n\u0101kotnei.<\/strong><\/p>\n<p><strong><a href=\"https:\/\/forms.office.com\/pages\/responsepage.aspx?id=0hOi-GyPDUCedE6LR1MWxso9DzK6J9xNmsZZvjbzwbdUOE9UT0RTR0JYVkZJMzc3UFJCUVRHS0tOWS4u&amp;origin=QRCode&amp;route=shorturl\">Pievienojies mums \u0161aj\u0101 ce\u013cojum\u0101<\/a>!<\/strong><\/p>\n<p>&nbsp;<\/p>\n<p><img fetchpriority=\"high\" decoding=\"async\" class=\"size-medium wp-image-224 aligncenter\" src=\"https:\/\/freinds.erasmus.site\/wp-content\/uploads\/2025\/04\/freinds-300x300.webp\" alt=\"\" width=\"300\" height=\"300\" srcset=\"https:\/\/freinds.erasmus.site\/wp-content\/uploads\/2025\/04\/freinds-300x300.webp 300w, https:\/\/freinds.erasmus.site\/wp-content\/uploads\/2025\/04\/freinds-1024x1024.webp 1024w, https:\/\/freinds.erasmus.site\/wp-content\/uploads\/2025\/04\/freinds-150x150.webp 150w, https:\/\/freinds.erasmus.site\/wp-content\/uploads\/2025\/04\/freinds-768x768.webp 768w, https:\/\/freinds.erasmus.site\/wp-content\/uploads\/2025\/04\/freinds-24x24.webp 24w, https:\/\/freinds.erasmus.site\/wp-content\/uploads\/2025\/04\/freinds-36x36.webp 36w, https:\/\/freinds.erasmus.site\/wp-content\/uploads\/2025\/04\/freinds-48x48.webp 48w, https:\/\/freinds.erasmus.site\/wp-content\/uploads\/2025\/04\/freinds.webp 1061w\" sizes=\"(max-width: 300px) 100vw, 300px\" \/><\/p>\n<p><strong>FReINDs starptautiskais vebin\u0101rs<\/strong><\/p>\n<p>2025.\u00a0gada 24.\u00a0apr\u012bl\u012b organiz\u0113tais FReINDs starptautisk\u0101s vebin\u0101rs koncentr\u0113j\u0101s uz p\u0113t\u012bjumu rezult\u0101tu prezent\u0101ciju un starptautisku lektoru prezent\u0101cij\u0101m. T\u0101 bija ar\u012b FReINDs t\u012bkla izveide.<\/p>\n<p>Lejupiel\u0101d\u0113jiet vebin\u0101ra prezent\u0101cijas:<\/p>\n<p>&nbsp;<\/p>\n<div class=\"row\">\n<div class=\"col-sm-3\" style=\"text-align: center;\"><a href=\"https:\/\/freinds.erasmus.site\/wp-content\/uploads\/2025\/04\/FReINDs-International-Webinar.-Digital-Industrial-Symbiosis.pdf\" target=\"_blank\" rel=\"noopener noreferrer\"><br \/>\n<img decoding=\"async\" class=\"size-medium wp-image-117 aligncenter\" style=\"box-shadow: 5px 5px 10px;\" src=\"https:\/\/freinds.erasmus.site\/wp-content\/uploads\/2025\/04\/FReINDs-International-Webinar.-Digital-Industrial-Symbiosis.webp\" alt=\"\" width=\"300\" height=\"212\" \/><br \/>\n<\/a><\/div>\n<div class=\"col-sm-3\" style=\"text-align: center;\"><a href=\"https:\/\/freinds.erasmus.site\/wp-content\/uploads\/2025\/04\/FReINDs-Survey-Insights.-Readiness-and-Challenges-in-Digital-Industrial-Symbiosis.pdf\" target=\"_blank\" rel=\"noopener noreferrer\"><br \/>\n<img decoding=\"async\" class=\"size-medium wp-image-117 aligncenter\" style=\"box-shadow: 5px 5px 10px;\" src=\"https:\/\/freinds.erasmus.site\/wp-content\/uploads\/2025\/04\/FReINDs-Survey-Insights.-Readiness-and-Challenges-in-Digital-Industrial-Symbiosis.webp\" alt=\"\" width=\"300\" height=\"212\" \/><br \/>\n<\/a><\/div>\n<\/div>\n<div class=\"row\">\n<div class=\"col-sm-3\" style=\"text-align: center;\"><a href=\"https:\/\/freinds.erasmus.site\/wp-content\/uploads\/2025\/04\/Circularity-and-Industrial-Symbiosis-in-Industrial-Parks-as-Tools-for-Green-Transition.pdf\" target=\"_blank\" rel=\"noopener noreferrer\"><br \/>\n<img loading=\"lazy\" decoding=\"async\" class=\"size-medium wp-image-117 aligncenter\" style=\"box-shadow: 5px 5px 10px;\" src=\"https:\/\/freinds.erasmus.site\/wp-content\/uploads\/2025\/04\/Circularity-and-Industrial-Symbiosis-in-Industrial-Parks-as-Tools-for-Green-Transition-scaled.webp\" alt=\"\" width=\"300\" height=\"212\" \/><br \/>\n<\/a><\/div>\n<div class=\"col-sm-3\" style=\"text-align: center;\"><a href=\"https:\/\/freinds.erasmus.site\/wp-content\/uploads\/2025\/04\/Education-for-Plastic-in-Circular-Economy.pdf\" target=\"_blank\" rel=\"noopener noreferrer\"><br \/>\n<img loading=\"lazy\" decoding=\"async\" class=\"size-medium wp-image-117 aligncenter\" style=\"box-shadow: 5px 5px 10px;\" src=\"https:\/\/freinds.erasmus.site\/wp-content\/uploads\/2025\/04\/Education-for-Plastic-in-Circular-Economy.webp\" alt=\"\" width=\"300\" height=\"212\" \/><br \/>\n<\/a><\/div>\n<\/div>\n<div class=\"row\">\n<div class=\"col-sm-3\" style=\"text-align: center;\"><a href=\"https:\/\/freinds.erasmus.site\/wp-content\/uploads\/2025\/04\/Building-Global-Impact-through-Microplastics-Awareness-and-Local-Actions.pdf\" target=\"_blank\" rel=\"noopener noreferrer\"><br \/>\n<img loading=\"lazy\" decoding=\"async\" class=\"size-medium wp-image-117 aligncenter\" style=\"box-shadow: 5px 5px 10px;\" src=\"https:\/\/freinds.erasmus.site\/wp-content\/uploads\/2025\/04\/Building-Global-Impact-through-Microplastics-Awareness-and-Local-Actions.webp\" alt=\"\" width=\"300\" height=\"212\" \/><br \/>\n<\/a><\/div>\n<div class=\"col-sm-3\" style=\"text-align: center;\"><a href=\"https:\/\/freinds.erasmus.site\/wp-content\/uploads\/2025\/04\/Industrial-Symbiosis-Readiness.-The-case-of-the-Greek-food-sector.pdf\" target=\"_blank\" rel=\"noopener noreferrer\"><br \/>\n<img loading=\"lazy\" decoding=\"async\" class=\"size-medium wp-image-117 aligncenter\" style=\"box-shadow: 5px 5px 10px;\" src=\"https:\/\/freinds.erasmus.site\/wp-content\/uploads\/2025\/04\/Industrial-Symbiosis-Readiness.-The-case-of-the-Greek-food-sector.webp\" alt=\"\" width=\"300\" height=\"212\" \/><br \/>\n<\/a><\/div>\n<\/div>\n<p><\/p>","protected":false},"excerpt":{"rendered":"<p>FREINDs Network &#8211; projekts izveidos sadarb\u012bbas platformu, kas savienos ieinteres\u0113t\u0101s puses no uz\u0146\u0113mumiem, akad\u0113miskaj\u0101m aprind\u0101m, vald\u012bbas un bezpe\u013c\u0146as organiz\u0101cij\u0101m. \u0160is t\u012bkls veicin\u0101s zin\u0101\u0161anu apmai\u0146u, uzlabos m\u0101c\u012bbu programmu kvalit\u0101ti un atbilst\u012bbu, k\u0101 ar\u012b sniegs studentiem ieskatu re\u0101l\u0101s pasaules IS un AE izaicin\u0101jumos. &#8216;Ja v\u0113laties iet \u0101tri, ejiet viens. Ja v\u0113laties tikt t\u0101lu, ejiet kop\u0101. Izmantojot FReINDs,&hellip;&nbsp;<a href=\"https:\/\/freinds.erasmus.site\/lv\/freinds-network\/\" rel=\"bookmark\">Read More &raquo;<span class=\"screen-reader-text\">FReINDs Network<\/span><\/a><\/p>\n","protected":false},"author":1,"featured_media":0,"parent":0,"menu_order":0,"comment_status":"closed","ping_status":"closed","template":"","meta":{"neve_meta_sidebar":"","neve_meta_container":"","neve_meta_enable_content_width":"off","neve_meta_content_width":100,"neve_meta_title_alignment":"","neve_meta_author_avatar":"","neve_post_elements_order":"","neve_meta_disable_header":"","neve_meta_disable_footer":"","neve_meta_disable_title":"","footnotes":""},"class_list":["post-75","page","type-page","status-publish","hentry"],"_links":{"self":[{"href":"https:\/\/freinds.erasmus.site\/lv\/wp-json\/wp\/v2\/pages\/75","targetHints":{"allow":["GET"]}}],"collection":[{"href":"https:\/\/freinds.erasmus.site\/lv\/wp-json\/wp\/v2\/pages"}],"about":[{"href":"https:\/\/freinds.erasmus.site\/lv\/wp-json\/wp\/v2\/types\/page"}],"author":[{"embeddable":true,"href":"https:\/\/freinds.erasmus.site\/lv\/wp-json\/wp\/v2\/users\/1"}],"replies":[{"embeddable":true,"href":"https:\/\/freinds.erasmus.site\/lv\/wp-json\/wp\/v2\/comments?post=75"}],"version-history":[{"count":16,"href":"https:\/\/freinds.erasmus.site\/lv\/wp-json\/wp\/v2\/pages\/75\/revisions"}],"predecessor-version":[{"id":357,"href":"https:\/\/freinds.erasmus.site\/lv\/wp-json\/wp\/v2\/pages\/75\/revisions\/357"}],"wp:attachment":[{"href":"https:\/\/freinds.erasmus.site\/lv\/wp-json\/wp\/v2\/media?parent=75"}],"curies":[{"name":"wp","href":"https:\/\/api.w.org\/{rel}","templated":true}]}}