{"id":66,"date":"2024-12-01T20:03:01","date_gmt":"2024-12-01T20:03:01","guid":{"rendered":"https:\/\/freinds.erasmus.site\/?page_id=66"},"modified":"2025-08-07T19:30:36","modified_gmt":"2025-08-07T19:30:36","slug":"freinds-research-report","status":"publish","type":"page","link":"https:\/\/freinds.erasmus.site\/no\/freinds-research-report\/","title":{"rendered":"FReINDs Forskningsrapport"},"content":{"rendered":"<p>En transnasjonal studie gjennomf\u00f8rt p\u00e5 tvers av fem EU-medlemsland og koordinert av ISSBS, et institutt som spesialiserer seg p\u00e5 forskning innen offentlige anskaffelser. Rapporten retter seg mot forskere, spesialiserte selskaper, offentlige institusjoner og sosiale virksomheter og vil spille en sentral rolle i utformingen av FReINDs-prosjektets resultater.<br \/>\nRapporten vil v\u00e6re grunnlaget for utviklingen av l\u00e6replanen for Industrial Symbiosis Manager (ISM) og fungere som en kjernefaktor for fremtidige ISM-er. Videre vil rapporten veilede utformingen av FReINDs digitale verkt\u00f8ysett, som har som m\u00e5l \u00e5 gi fagfolk innen industriell symbiose praktiske verkt\u00f8y for \u00e5 gj\u00f8re digitale IS-praksiser lett anvendelige og konkurransedyktige p\u00e5 markedet.<\/p>\n\r\n<!--change the width and height value as you want.--> \r\n<!-- Do change \"index.htm\" to your real html name of the flippingbook--> \r\n<iframe  style=\"width:100%;height:650px\"  src=\"https:\/\/freinds.erasmus.site\/wp-content\/uploads\/flipbook\/3\/book.html\"  seamless=\"seamless\" scrolling=\"no\" frameborder=\"0\" allowtransparency=\"true\" allowfullscreen mozallowfullscreen  webkitallowfullscreen ><\/iframe>\r\n\n<p style=\"text-align: center; margin-top: 20px;\"><a class=\"btn btn-info\" role=\"button\" href=\"https:\/\/freinds.erasmus.site\/wp-content\/uploads\/2025\/06\/WP2-FINAL-REPORT_NO.pdf\" download=\"\">Download<\/a><\/p>\n<p><\/p>","protected":false},"excerpt":{"rendered":"<p>En transnasjonal studie gjennomf\u00f8rt p\u00e5 tvers av fem EU-medlemsland og koordinert av ISSBS, et institutt som spesialiserer seg p\u00e5 forskning innen offentlige anskaffelser. Rapporten retter seg mot forskere, spesialiserte selskaper, offentlige institusjoner og sosiale virksomheter og vil spille en sentral rolle i utformingen av FReINDs-prosjektets resultater. Rapporten vil v\u00e6re grunnlaget for utviklingen av l\u00e6replanen for&hellip;&nbsp;<a href=\"https:\/\/freinds.erasmus.site\/no\/freinds-research-report\/\" rel=\"bookmark\">Read More &raquo;<span class=\"screen-reader-text\">FReINDs Forskningsrapport<\/span><\/a><\/p>\n","protected":false},"author":1,"featured_media":0,"parent":0,"menu_order":0,"comment_status":"closed","ping_status":"closed","template":"","meta":{"neve_meta_sidebar":"","neve_meta_container":"","neve_meta_enable_content_width":"off","neve_meta_content_width":100,"neve_meta_title_alignment":"","neve_meta_author_avatar":"","neve_post_elements_order":"","neve_meta_disable_header":"","neve_meta_disable_footer":"","neve_meta_disable_title":"","footnotes":""},"class_list":["post-66","page","type-page","status-publish","hentry"],"_links":{"self":[{"href":"https:\/\/freinds.erasmus.site\/no\/wp-json\/wp\/v2\/pages\/66","targetHints":{"allow":["GET"]}}],"collection":[{"href":"https:\/\/freinds.erasmus.site\/no\/wp-json\/wp\/v2\/pages"}],"about":[{"href":"https:\/\/freinds.erasmus.site\/no\/wp-json\/wp\/v2\/types\/page"}],"author":[{"embeddable":true,"href":"https:\/\/freinds.erasmus.site\/no\/wp-json\/wp\/v2\/users\/1"}],"replies":[{"embeddable":true,"href":"https:\/\/freinds.erasmus.site\/no\/wp-json\/wp\/v2\/comments?post=66"}],"version-history":[{"count":12,"href":"https:\/\/freinds.erasmus.site\/no\/wp-json\/wp\/v2\/pages\/66\/revisions"}],"predecessor-version":[{"id":337,"href":"https:\/\/freinds.erasmus.site\/no\/wp-json\/wp\/v2\/pages\/66\/revisions\/337"}],"wp:attachment":[{"href":"https:\/\/freinds.erasmus.site\/no\/wp-json\/wp\/v2\/media?parent=66"}],"curies":[{"name":"wp","href":"https:\/\/api.w.org\/{rel}","templated":true}]}}