{"id":68,"date":"2024-12-01T20:03:11","date_gmt":"2024-12-01T20:03:11","guid":{"rendered":"https:\/\/freinds.erasmus.site\/?page_id=68"},"modified":"2025-01-16T15:10:18","modified_gmt":"2025-01-16T15:10:18","slug":"freinds-curriculum","status":"publish","type":"page","link":"https:\/\/freinds.erasmus.site\/no\/freinds-curriculum\/","title":{"rendered":"FReINDs L\u00e6replan"},"content":{"rendered":"<p><strong>FReINDs-l\u00e6replanen<\/strong> er et digitalt kurs i industriell symbiose (IS) rettet mot kandidater innen samfunns\u00f8konomiske fag. Kurset dekker grunnleggende prinsipper for IS, livssyklusanalyse, b\u00e6rekraftig ressursforvaltning, sirkul\u00e6r\u00f8konomiske praksiser og trender i forsyningskjeder. Utviklet i henhold til EU-standarder, tilbyr kurset 60 timer med blended learning, som inkluderer praktisk erfaring i samarbeid med sosiale virksomheter. Etter en pilotfase, der tilbakemeldinger blir evaluert, vil l\u00e6replanen bli integrert i et program p\u00e5 masterniv\u00e5.<\/p>","protected":false},"excerpt":{"rendered":"<p>FReINDs-l\u00e6replanen er et digitalt kurs i industriell symbiose (IS) rettet mot kandidater innen samfunns\u00f8konomiske fag. Kurset dekker grunnleggende prinsipper for IS, livssyklusanalyse, b\u00e6rekraftig ressursforvaltning, sirkul\u00e6r\u00f8konomiske praksiser og trender i forsyningskjeder. Utviklet i henhold til EU-standarder, tilbyr kurset 60 timer med blended learning, som inkluderer praktisk erfaring i samarbeid med sosiale virksomheter. Etter en pilotfase, der&hellip;&nbsp;<a href=\"https:\/\/freinds.erasmus.site\/no\/freinds-curriculum\/\" rel=\"bookmark\">Read More &raquo;<span class=\"screen-reader-text\">FReINDs L\u00e6replan<\/span><\/a><\/p>\n","protected":false},"author":1,"featured_media":0,"parent":0,"menu_order":0,"comment_status":"closed","ping_status":"closed","template":"","meta":{"neve_meta_sidebar":"","neve_meta_container":"","neve_meta_enable_content_width":"off","neve_meta_content_width":100,"neve_meta_title_alignment":"","neve_meta_author_avatar":"","neve_post_elements_order":"","neve_meta_disable_header":"","neve_meta_disable_footer":"","neve_meta_disable_title":"","footnotes":""},"class_list":["post-68","page","type-page","status-publish","hentry"],"_links":{"self":[{"href":"https:\/\/freinds.erasmus.site\/no\/wp-json\/wp\/v2\/pages\/68","targetHints":{"allow":["GET"]}}],"collection":[{"href":"https:\/\/freinds.erasmus.site\/no\/wp-json\/wp\/v2\/pages"}],"about":[{"href":"https:\/\/freinds.erasmus.site\/no\/wp-json\/wp\/v2\/types\/page"}],"author":[{"embeddable":true,"href":"https:\/\/freinds.erasmus.site\/no\/wp-json\/wp\/v2\/users\/1"}],"replies":[{"embeddable":true,"href":"https:\/\/freinds.erasmus.site\/no\/wp-json\/wp\/v2\/comments?post=68"}],"version-history":[{"count":5,"href":"https:\/\/freinds.erasmus.site\/no\/wp-json\/wp\/v2\/pages\/68\/revisions"}],"predecessor-version":[{"id":191,"href":"https:\/\/freinds.erasmus.site\/no\/wp-json\/wp\/v2\/pages\/68\/revisions\/191"}],"wp:attachment":[{"href":"https:\/\/freinds.erasmus.site\/no\/wp-json\/wp\/v2\/media?parent=68"}],"curies":[{"name":"wp","href":"https:\/\/api.w.org\/{rel}","templated":true}]}}