{"id":66,"date":"2024-12-01T20:03:01","date_gmt":"2024-12-01T20:03:01","guid":{"rendered":"https:\/\/freinds.erasmus.site\/?page_id=66"},"modified":"2025-08-07T19:30:36","modified_gmt":"2025-08-07T19:30:36","slug":"freinds-research-report","status":"publish","type":"page","link":"https:\/\/freinds.erasmus.site\/pl\/freinds-research-report\/","title":{"rendered":"Raport z bada\u0144 FReINDs"},"content":{"rendered":"<p><strong>Raport z bada\u0144 FReINDs<\/strong> &#8211; mi\u0119dzynarodowe badania przeprowadzone w pi\u0119ciu pa\u0144stwach cz\u0142onkowskich UE i koordynowane przez ISSBS, instytut specjalizuj\u0105cy si\u0119 w badaniach nad zam\u00f3wieniami publicznymi. Skierowany do badaczy, wyspecjalizowanych firm, instytucji publicznych i przedsi\u0119biorstw spo\u0142ecznych, raport odegra kluczow\u0105 rol\u0119 w kszta\u0142towaniu wynik\u00f3w projektu FReINDs. B\u0119dzie on stanowi\u0142 podstaw\u0119 do opracowania programu szkoleniowego Mened\u017cera Symbiozy Przemys\u0142owej i pos\u0142u\u017cy jako podstawowy zas\u00f3b dla przysz\u0142ych menad\u017cer\u00f3w. Dodatkowo, raport b\u0119dzie kierowa\u0142 tworzeniem cyfrowego zestawu narz\u0119dzi FReINDs, kt\u00f3ry ma na celu wyposa\u017cenie specjalist\u00f3w w praktyczne narz\u0119dzia, aby cyfrowe praktyki symbiozy przemys\u0142owej by\u0142y \u0142atwe do zastosowania i konkurencyjne na rynku.<\/p>\n\r\n<!--change the width and height value as you want.--> \r\n<!-- Do change \"index.htm\" to your real html name of the flippingbook--> \r\n<iframe  style=\"width:100%;height:650px\"  src=\"https:\/\/freinds.erasmus.site\/wp-content\/uploads\/flipbook\/4\/book.html\"  seamless=\"seamless\" scrolling=\"no\" frameborder=\"0\" allowtransparency=\"true\" allowfullscreen mozallowfullscreen  webkitallowfullscreen ><\/iframe>\r\n\n<p style=\"text-align: center; margin-top: 20px;\"><a class=\"btn btn-info\" role=\"button\" href=\"https:\/\/freinds.erasmus.site\/wp-content\/uploads\/2025\/06\/WP2-FINAL-REPORT_PL.pdf\" download=\"\">Download<\/a><\/p>\n<p><\/p>","protected":false},"excerpt":{"rendered":"<p>Raport z bada\u0144 FReINDs &#8211; mi\u0119dzynarodowe badania przeprowadzone w pi\u0119ciu pa\u0144stwach cz\u0142onkowskich UE i koordynowane przez ISSBS, instytut specjalizuj\u0105cy si\u0119 w badaniach nad zam\u00f3wieniami publicznymi. Skierowany do badaczy, wyspecjalizowanych firm, instytucji publicznych i przedsi\u0119biorstw spo\u0142ecznych, raport odegra kluczow\u0105 rol\u0119 w kszta\u0142towaniu wynik\u00f3w projektu FReINDs. B\u0119dzie on stanowi\u0142 podstaw\u0119 do opracowania programu szkoleniowego Mened\u017cera Symbiozy Przemys\u0142owej&hellip;&nbsp;<a href=\"https:\/\/freinds.erasmus.site\/pl\/freinds-research-report\/\" rel=\"bookmark\">Dowiedz si\u0119 wi\u0119cej &raquo;<span class=\"screen-reader-text\">Raport z bada\u0144 FReINDs<\/span><\/a><\/p>\n","protected":false},"author":1,"featured_media":0,"parent":0,"menu_order":0,"comment_status":"closed","ping_status":"closed","template":"","meta":{"neve_meta_sidebar":"","neve_meta_container":"","neve_meta_enable_content_width":"off","neve_meta_content_width":100,"neve_meta_title_alignment":"","neve_meta_author_avatar":"","neve_post_elements_order":"","neve_meta_disable_header":"","neve_meta_disable_footer":"","neve_meta_disable_title":"","footnotes":""},"class_list":["post-66","page","type-page","status-publish","hentry"],"_links":{"self":[{"href":"https:\/\/freinds.erasmus.site\/pl\/wp-json\/wp\/v2\/pages\/66","targetHints":{"allow":["GET"]}}],"collection":[{"href":"https:\/\/freinds.erasmus.site\/pl\/wp-json\/wp\/v2\/pages"}],"about":[{"href":"https:\/\/freinds.erasmus.site\/pl\/wp-json\/wp\/v2\/types\/page"}],"author":[{"embeddable":true,"href":"https:\/\/freinds.erasmus.site\/pl\/wp-json\/wp\/v2\/users\/1"}],"replies":[{"embeddable":true,"href":"https:\/\/freinds.erasmus.site\/pl\/wp-json\/wp\/v2\/comments?post=66"}],"version-history":[{"count":12,"href":"https:\/\/freinds.erasmus.site\/pl\/wp-json\/wp\/v2\/pages\/66\/revisions"}],"predecessor-version":[{"id":337,"href":"https:\/\/freinds.erasmus.site\/pl\/wp-json\/wp\/v2\/pages\/66\/revisions\/337"}],"wp:attachment":[{"href":"https:\/\/freinds.erasmus.site\/pl\/wp-json\/wp\/v2\/media?parent=66"}],"curies":[{"name":"wp","href":"https:\/\/api.w.org\/{rel}","templated":true}]}}