{"id":68,"date":"2024-12-01T20:03:11","date_gmt":"2024-12-01T20:03:11","guid":{"rendered":"https:\/\/freinds.erasmus.site\/?page_id=68"},"modified":"2025-01-16T15:10:18","modified_gmt":"2025-01-16T15:10:18","slug":"freinds-curriculum","status":"publish","type":"page","link":"https:\/\/freinds.erasmus.site\/pl\/freinds-curriculum\/","title":{"rendered":"Program nauczania FReINDs"},"content":{"rendered":"<p><strong>Program nauczania FReINDs<\/strong> to kurs na temat symbiozy przemys\u0142owej (IS) dla absolwent\u00f3w kierunk\u00f3w spo\u0142eczno-ekonomicznych, obejmuj\u0105cy podstawy symbiozy przemys\u0142owej, ocen\u0119 cyklu \u017cycia, zr\u00f3wnowa\u017cone zarz\u0105dzanie zasobami, praktyki gospodarki o obiegu zamkni\u0119tym i trendy w \u0142a\u0144cuchu dostaw. Opracowany zgodnie ze standardami UE, \u0142\u0105czy w sobie 60 godzin nauczania mieszanego, w tym praktyczne do\u015bwiadczenie z przedsi\u0119biorstwami spo\u0142ecznymi. Po uzyskaniu informacji zwrotnych z fazy pilota\u017cowej, zostanie on zintegrowany z programem studi\u00f3w podyplomowych.<\/p>","protected":false},"excerpt":{"rendered":"<p>Program nauczania FReINDs to kurs na temat symbiozy przemys\u0142owej (IS) dla absolwent\u00f3w kierunk\u00f3w spo\u0142eczno-ekonomicznych, obejmuj\u0105cy podstawy symbiozy przemys\u0142owej, ocen\u0119 cyklu \u017cycia, zr\u00f3wnowa\u017cone zarz\u0105dzanie zasobami, praktyki gospodarki o obiegu zamkni\u0119tym i trendy w \u0142a\u0144cuchu dostaw. Opracowany zgodnie ze standardami UE, \u0142\u0105czy w sobie 60 godzin nauczania mieszanego, w tym praktyczne do\u015bwiadczenie z przedsi\u0119biorstwami spo\u0142ecznymi. Po uzyskaniu&hellip;&nbsp;<a href=\"https:\/\/freinds.erasmus.site\/pl\/freinds-curriculum\/\" rel=\"bookmark\">Dowiedz si\u0119 wi\u0119cej &raquo;<span class=\"screen-reader-text\">Program nauczania FReINDs<\/span><\/a><\/p>\n","protected":false},"author":1,"featured_media":0,"parent":0,"menu_order":0,"comment_status":"closed","ping_status":"closed","template":"","meta":{"neve_meta_sidebar":"","neve_meta_container":"","neve_meta_enable_content_width":"off","neve_meta_content_width":100,"neve_meta_title_alignment":"","neve_meta_author_avatar":"","neve_post_elements_order":"","neve_meta_disable_header":"","neve_meta_disable_footer":"","neve_meta_disable_title":"","footnotes":""},"class_list":["post-68","page","type-page","status-publish","hentry"],"_links":{"self":[{"href":"https:\/\/freinds.erasmus.site\/pl\/wp-json\/wp\/v2\/pages\/68","targetHints":{"allow":["GET"]}}],"collection":[{"href":"https:\/\/freinds.erasmus.site\/pl\/wp-json\/wp\/v2\/pages"}],"about":[{"href":"https:\/\/freinds.erasmus.site\/pl\/wp-json\/wp\/v2\/types\/page"}],"author":[{"embeddable":true,"href":"https:\/\/freinds.erasmus.site\/pl\/wp-json\/wp\/v2\/users\/1"}],"replies":[{"embeddable":true,"href":"https:\/\/freinds.erasmus.site\/pl\/wp-json\/wp\/v2\/comments?post=68"}],"version-history":[{"count":5,"href":"https:\/\/freinds.erasmus.site\/pl\/wp-json\/wp\/v2\/pages\/68\/revisions"}],"predecessor-version":[{"id":191,"href":"https:\/\/freinds.erasmus.site\/pl\/wp-json\/wp\/v2\/pages\/68\/revisions\/191"}],"wp:attachment":[{"href":"https:\/\/freinds.erasmus.site\/pl\/wp-json\/wp\/v2\/media?parent=68"}],"curies":[{"name":"wp","href":"https:\/\/api.w.org\/{rel}","templated":true}]}}