{"id":70,"date":"2024-12-01T20:03:22","date_gmt":"2024-12-01T20:03:22","guid":{"rendered":"https:\/\/freinds.erasmus.site\/?page_id=70"},"modified":"2025-06-10T07:56:43","modified_gmt":"2025-06-10T07:56:43","slug":"the-massive-open-online-course-mooc","status":"publish","type":"page","link":"https:\/\/freinds.erasmus.site\/pl\/the-massive-open-online-course-mooc\/","title":{"rendered":"Masowy otwarty kurs online (MOOC)"},"content":{"rendered":"<p><strong>Masowy otwarty kurs online (MOOC)<\/strong> zapewni og\u00f3lnodost\u0119pne szkolenie w zakresie symbiozy przemys\u0142owej i gospodarki o obiegu zamkni\u0119tym, w oparciu o zatwierdzony program nauczania. B\u0119dzie on bezp\u0142atny i dost\u0119pny przez pi\u0119\u0107 lat po zako\u0144czeniu projektu, wspierany przez zasoby partner\u00f3w.<\/p>","protected":false},"excerpt":{"rendered":"<p>Masowy otwarty kurs online (MOOC) zapewni og\u00f3lnodost\u0119pne szkolenie w zakresie symbiozy przemys\u0142owej i gospodarki o obiegu zamkni\u0119tym, w oparciu o zatwierdzony program nauczania. B\u0119dzie on bezp\u0142atny i dost\u0119pny przez pi\u0119\u0107 lat po zako\u0144czeniu projektu, wspierany przez zasoby partner\u00f3w.<\/p>\n","protected":false},"author":1,"featured_media":0,"parent":0,"menu_order":0,"comment_status":"closed","ping_status":"closed","template":"","meta":{"neve_meta_sidebar":"","neve_meta_container":"","neve_meta_enable_content_width":"off","neve_meta_content_width":100,"neve_meta_title_alignment":"","neve_meta_author_avatar":"","neve_post_elements_order":"","neve_meta_disable_header":"","neve_meta_disable_footer":"","neve_meta_disable_title":"","footnotes":""},"class_list":["post-70","page","type-page","status-publish","hentry"],"_links":{"self":[{"href":"https:\/\/freinds.erasmus.site\/pl\/wp-json\/wp\/v2\/pages\/70","targetHints":{"allow":["GET"]}}],"collection":[{"href":"https:\/\/freinds.erasmus.site\/pl\/wp-json\/wp\/v2\/pages"}],"about":[{"href":"https:\/\/freinds.erasmus.site\/pl\/wp-json\/wp\/v2\/types\/page"}],"author":[{"embeddable":true,"href":"https:\/\/freinds.erasmus.site\/pl\/wp-json\/wp\/v2\/users\/1"}],"replies":[{"embeddable":true,"href":"https:\/\/freinds.erasmus.site\/pl\/wp-json\/wp\/v2\/comments?post=70"}],"version-history":[{"count":5,"href":"https:\/\/freinds.erasmus.site\/pl\/wp-json\/wp\/v2\/pages\/70\/revisions"}],"predecessor-version":[{"id":312,"href":"https:\/\/freinds.erasmus.site\/pl\/wp-json\/wp\/v2\/pages\/70\/revisions\/312"}],"wp:attachment":[{"href":"https:\/\/freinds.erasmus.site\/pl\/wp-json\/wp\/v2\/media?parent=70"}],"curies":[{"name":"wp","href":"https:\/\/api.w.org\/{rel}","templated":true}]}}