{"id":73,"date":"2024-12-01T20:03:46","date_gmt":"2024-12-01T20:03:46","guid":{"rendered":"https:\/\/freinds.erasmus.site\/?page_id=73"},"modified":"2025-01-16T15:11:17","modified_gmt":"2025-01-16T15:11:17","slug":"is-toolkit","status":"publish","type":"page","link":"https:\/\/freinds.erasmus.site\/pl\/is-toolkit\/","title":{"rendered":"Toolkit w zakresie symbiozy przemys\u0142owej"},"content":{"rendered":"<p>Toolkit w zakresie symbiozy przemys\u0142owej: To narz\u0119dzie internetowe pozwoli M\u015aP oceni\u0107 ich gotowo\u015b\u0107 do symbiozy przemys\u0142owej i gospodarki o obiegu zamkni\u0119tym. B\u0119dzie ono dost\u0119pne, przyjazne dla u\u017cytkownika i oparte na wynikach przeprowadzonych bada\u0144, zaprojektowane tak, aby oferowa\u0107 anga\u017cuj\u0105ce do\u015bwiadczenie, spe\u0142niaj\u0105c jednocze\u015bnie standardy dost\u0119pno\u015bci FReINDs.<\/p>","protected":false},"excerpt":{"rendered":"<p>Toolkit w zakresie symbiozy przemys\u0142owej: To narz\u0119dzie internetowe pozwoli M\u015aP oceni\u0107 ich gotowo\u015b\u0107 do symbiozy przemys\u0142owej i gospodarki o obiegu zamkni\u0119tym. B\u0119dzie ono dost\u0119pne, przyjazne dla u\u017cytkownika i oparte na wynikach przeprowadzonych bada\u0144, zaprojektowane tak, aby oferowa\u0107 anga\u017cuj\u0105ce do\u015bwiadczenie, spe\u0142niaj\u0105c jednocze\u015bnie standardy dost\u0119pno\u015bci FReINDs.<\/p>\n","protected":false},"author":1,"featured_media":0,"parent":0,"menu_order":0,"comment_status":"closed","ping_status":"closed","template":"","meta":{"neve_meta_sidebar":"","neve_meta_container":"","neve_meta_enable_content_width":"off","neve_meta_content_width":100,"neve_meta_title_alignment":"","neve_meta_author_avatar":"","neve_post_elements_order":"","neve_meta_disable_header":"","neve_meta_disable_footer":"","neve_meta_disable_title":"","footnotes":""},"class_list":["post-73","page","type-page","status-publish","hentry"],"_links":{"self":[{"href":"https:\/\/freinds.erasmus.site\/pl\/wp-json\/wp\/v2\/pages\/73","targetHints":{"allow":["GET"]}}],"collection":[{"href":"https:\/\/freinds.erasmus.site\/pl\/wp-json\/wp\/v2\/pages"}],"about":[{"href":"https:\/\/freinds.erasmus.site\/pl\/wp-json\/wp\/v2\/types\/page"}],"author":[{"embeddable":true,"href":"https:\/\/freinds.erasmus.site\/pl\/wp-json\/wp\/v2\/users\/1"}],"replies":[{"embeddable":true,"href":"https:\/\/freinds.erasmus.site\/pl\/wp-json\/wp\/v2\/comments?post=73"}],"version-history":[{"count":3,"href":"https:\/\/freinds.erasmus.site\/pl\/wp-json\/wp\/v2\/pages\/73\/revisions"}],"predecessor-version":[{"id":194,"href":"https:\/\/freinds.erasmus.site\/pl\/wp-json\/wp\/v2\/pages\/73\/revisions\/194"}],"wp:attachment":[{"href":"https:\/\/freinds.erasmus.site\/pl\/wp-json\/wp\/v2\/media?parent=73"}],"curies":[{"name":"wp","href":"https:\/\/api.w.org\/{rel}","templated":true}]}}