{"id":66,"date":"2024-12-01T20:03:01","date_gmt":"2024-12-01T20:03:01","guid":{"rendered":"https:\/\/freinds.erasmus.site\/?page_id=66"},"modified":"2025-08-07T19:30:36","modified_gmt":"2025-08-07T19:30:36","slug":"freinds-research-report","status":"publish","type":"page","link":"https:\/\/freinds.erasmus.site\/si\/freinds-research-report\/","title":{"rendered":"Raziskovalno poro\u010dilo FReINDs"},"content":{"rendered":"<p><strong>Raziskovalno poro\u010dilo FReINDs<\/strong>: Transnacionalna \u0161tudija, izvedena v petih dr\u017eavah \u010dlanicah EU, usklajena s strani ISSBS. Ciljna skupina vklju\u010duje raziskovalce, specializirana podjetja, javne ustanove in socialna podjetja. Poro\u010dilo bo klju\u010dno za oblikovanje rezultatov projekta, razvoj u\u010dnega na\u010drta za vodje industrijske simbioze (ISM) in oblikovanje digitalnega orodja za oceno pripravljenosti podjetij za IS in CE.<\/p>\n\r\n<!--change the width and height value as you want.--> \r\n<!-- Do change \"index.htm\" to your real html name of the flippingbook--> \r\n<iframe  style=\"width:100%;height:650px\"  src=\"https:\/\/freinds.erasmus.site\/wp-content\/uploads\/flipbook\/5\/book.html\"  seamless=\"seamless\" scrolling=\"no\" frameborder=\"0\" allowtransparency=\"true\" allowfullscreen mozallowfullscreen  webkitallowfullscreen ><\/iframe>\r\n\n<p style=\"text-align: center; margin-top: 20px;\"><a class=\"btn btn-info\" role=\"button\" href=\"https:\/\/freinds.erasmus.site\/wp-content\/uploads\/2025\/06\/WP2-FINAL-REPORT_SL.pdf\" download=\"\">Download<\/a><\/p>\n<p><\/p>","protected":false},"excerpt":{"rendered":"<p>Raziskovalno poro\u010dilo FReINDs: Transnacionalna \u0161tudija, izvedena v petih dr\u017eavah \u010dlanicah EU, usklajena s strani ISSBS. Ciljna skupina vklju\u010duje raziskovalce, specializirana podjetja, javne ustanove in socialna podjetja. Poro\u010dilo bo klju\u010dno za oblikovanje rezultatov projekta, razvoj u\u010dnega na\u010drta za vodje industrijske simbioze (ISM) in oblikovanje digitalnega orodja za oceno pripravljenosti podjetij za IS in CE. Download<\/p>\n","protected":false},"author":1,"featured_media":0,"parent":0,"menu_order":0,"comment_status":"closed","ping_status":"closed","template":"","meta":{"neve_meta_sidebar":"","neve_meta_container":"","neve_meta_enable_content_width":"off","neve_meta_content_width":100,"neve_meta_title_alignment":"","neve_meta_author_avatar":"","neve_post_elements_order":"","neve_meta_disable_header":"","neve_meta_disable_footer":"","neve_meta_disable_title":"","footnotes":""},"class_list":["post-66","page","type-page","status-publish","hentry"],"_links":{"self":[{"href":"https:\/\/freinds.erasmus.site\/si\/wp-json\/wp\/v2\/pages\/66","targetHints":{"allow":["GET"]}}],"collection":[{"href":"https:\/\/freinds.erasmus.site\/si\/wp-json\/wp\/v2\/pages"}],"about":[{"href":"https:\/\/freinds.erasmus.site\/si\/wp-json\/wp\/v2\/types\/page"}],"author":[{"embeddable":true,"href":"https:\/\/freinds.erasmus.site\/si\/wp-json\/wp\/v2\/users\/1"}],"replies":[{"embeddable":true,"href":"https:\/\/freinds.erasmus.site\/si\/wp-json\/wp\/v2\/comments?post=66"}],"version-history":[{"count":12,"href":"https:\/\/freinds.erasmus.site\/si\/wp-json\/wp\/v2\/pages\/66\/revisions"}],"predecessor-version":[{"id":337,"href":"https:\/\/freinds.erasmus.site\/si\/wp-json\/wp\/v2\/pages\/66\/revisions\/337"}],"wp:attachment":[{"href":"https:\/\/freinds.erasmus.site\/si\/wp-json\/wp\/v2\/media?parent=66"}],"curies":[{"name":"wp","href":"https:\/\/api.w.org\/{rel}","templated":true}]}}