{"id":68,"date":"2024-12-01T20:03:11","date_gmt":"2024-12-01T20:03:11","guid":{"rendered":"https:\/\/freinds.erasmus.site\/?page_id=68"},"modified":"2025-01-16T15:10:18","modified_gmt":"2025-01-16T15:10:18","slug":"freinds-curriculum","status":"publish","type":"page","link":"https:\/\/freinds.erasmus.site\/si\/freinds-curriculum\/","title":{"rendered":"Kurikulum FReINDs"},"content":{"rendered":"<p><strong>Kurikulum FReINDs<\/strong> je digitalni te\u010daj o industrijski simbiozi (IS) za diplomante na podro\u010dju dru\u017eboslovja in ekonomije, ki zajema osnove IS, oceno \u017eivljenjskega cikla, trajnostno upravljanje virov, kro\u017eno gospodarstvo in trende v dobavnih verigah. Te\u010daj vklju\u010duje 60 ur kombiniranega u\u010denja in prakti\u010dne izku\u0161nje.<\/p>","protected":false},"excerpt":{"rendered":"<p>Kurikulum FReINDs je digitalni te\u010daj o industrijski simbiozi (IS) za diplomante na podro\u010dju dru\u017eboslovja in ekonomije, ki zajema osnove IS, oceno \u017eivljenjskega cikla, trajnostno upravljanje virov, kro\u017eno gospodarstvo in trende v dobavnih verigah. Te\u010daj vklju\u010duje 60 ur kombiniranega u\u010denja in prakti\u010dne izku\u0161nje.<\/p>\n","protected":false},"author":1,"featured_media":0,"parent":0,"menu_order":0,"comment_status":"closed","ping_status":"closed","template":"","meta":{"neve_meta_sidebar":"","neve_meta_container":"","neve_meta_enable_content_width":"off","neve_meta_content_width":100,"neve_meta_title_alignment":"","neve_meta_author_avatar":"","neve_post_elements_order":"","neve_meta_disable_header":"","neve_meta_disable_footer":"","neve_meta_disable_title":"","footnotes":""},"class_list":["post-68","page","type-page","status-publish","hentry"],"_links":{"self":[{"href":"https:\/\/freinds.erasmus.site\/si\/wp-json\/wp\/v2\/pages\/68","targetHints":{"allow":["GET"]}}],"collection":[{"href":"https:\/\/freinds.erasmus.site\/si\/wp-json\/wp\/v2\/pages"}],"about":[{"href":"https:\/\/freinds.erasmus.site\/si\/wp-json\/wp\/v2\/types\/page"}],"author":[{"embeddable":true,"href":"https:\/\/freinds.erasmus.site\/si\/wp-json\/wp\/v2\/users\/1"}],"replies":[{"embeddable":true,"href":"https:\/\/freinds.erasmus.site\/si\/wp-json\/wp\/v2\/comments?post=68"}],"version-history":[{"count":5,"href":"https:\/\/freinds.erasmus.site\/si\/wp-json\/wp\/v2\/pages\/68\/revisions"}],"predecessor-version":[{"id":191,"href":"https:\/\/freinds.erasmus.site\/si\/wp-json\/wp\/v2\/pages\/68\/revisions\/191"}],"wp:attachment":[{"href":"https:\/\/freinds.erasmus.site\/si\/wp-json\/wp\/v2\/media?parent=68"}],"curies":[{"name":"wp","href":"https:\/\/api.w.org\/{rel}","templated":true}]}}